{"id":1336,"date":"2020-08-05T08:13:03","date_gmt":"2020-08-05T06:13:03","guid":{"rendered":"https:\/\/www.islamic.no\/hip\/?page_id=1336"},"modified":"2020-08-06T08:51:49","modified_gmt":"2020-08-06T06:51:49","slug":"personvern","status":"publish","type":"page","link":"https:\/\/www.islamic.no\/hip\/personvern\/","title":{"rendered":"Personvern"},"content":{"rendered":"<p>[vc_row][vc_column][vc_row_inner][vc_column_inner][vc_column_text]<span style=\"color: #000000;\"><strong>PERSONVERNERKL\u00c6RING Hjerter i Par<\/strong><\/span><\/p>\n<p><span style=\"color: #000000;\"><strong>Behandling av personopplysninger i Hjerter i Par<\/strong><\/span><\/p>\n<p><span style=\"color: #000000;\">N\u00e5r du er registrert som deltaker hos oss, vil v\u00e5re prosjektmedarbeidere og frivillige <\/span><span style=\"color: #000000;\">behandle personopplysninger om deg. Nedenfor finner du derfor informasjon om<\/span><span style=\"color: #000000;\">personopplysninger som samles inn, hvorfor vi gj\u00f8r dette og dine rettigheter knyttet til <\/span><span style=\"color: #000000;\">behandlingen av personopplysningene. <\/span><span style=\"color: #000000;\">Behandlingsansvarlig for personopplysningene vi behandler er Hjerter i Par, som er <\/span><span style=\"color: #000000;\">underlagt organisasjonen Islamic Cultural Centre Norway. Du kan kontakte oss p\u00e5 f\u00f8lgende:<\/span><\/p>\n<p><span style=\"color: #000000;\"><strong>Adresse:<\/strong> T\u00f8yenbekken 24, 0188 Oslo<\/span><br \/>\n<span style=\"color: #000000;\"><strong>E-post:<\/strong> hjerteripar@islamic.no<\/span><br \/>\n<span style=\"color: #000000;\"><strong>Telefon:<\/strong> &#8211;<\/span><br \/>\n<span style=\"color: #000000;\"><strong>Organisasjonsnr.:<\/strong> 956 708 923<\/span><br \/>\n<span style=\"color: #000000;\">For sp\u00f8rsm\u00e5l du m\u00e5tte ha om v\u00e5r behandling av dine personopplysninger kan du kontakte <\/span><span style=\"color: #000000;\">ovennevnte.<\/span><\/p>\n<p><strong><span style=\"color: #000000;\">Hvorfor samler vi inn personopplysninger og hva slags informasjon samler vi inn <\/span><\/strong><\/p>\n<p><span style=\"color: #000000;\">Vi samler inn og bruker dine personopplysninger til ulike form\u00e5l avhengig av hvem du er og <\/span><span style=\"color: #000000;\">hvordan vi kommer i kontakt med deg. Vi samler inn f\u00f8lgende personopplysninger til <\/span><span style=\"color: #000000;\">form\u00e5lene angitt her;<\/span><\/p>\n<p><strong><span style=\"color: #000000;\">1. Fasilitering\u00a0<\/span><\/strong><\/p>\n<p><span style=\"color: #000000;\">I forbindelse med at vi fasiliterer for match-making. I denne forbindelse behandler vi <\/span><span style=\"color: #000000;\">personopplysninger ved \u00e5 opprette en elektronisk database med informasjon og <\/span><span style=\"color: #000000;\">benyttes til p\u00e5melding, registrering, match og eventuell oppf\u00f8lging i etterkant. <\/span><span style=\"color: #000000;\">Fasiliteringen skjer kun p\u00e5 eventer der deltakere er p\u00e5meldt og har betalt avgift. Din <\/span><span style=\"color: #000000;\">profil synliggj\u00f8res for andre under eventen ved gjennomgang av profiler, men uten <\/span><span style=\"color: #000000;\">navn og kontaktopplysninger.<\/span><\/p>\n<p><strong><span style=\"color: #000000;\">2. Henvendelser\u00a0<\/span><\/strong><br \/>\n<span style=\"color: #000000;\">\u00a0Besvare henvendelser som kommer inn til oss. Navn, telefonnummer, e-postadresse <\/span><span style=\"color: #000000;\">og eventuelle personopplysninger som m\u00e5tte f\u00f8lge av henvendelsen. Behandlingen <\/span><span style=\"color: #000000;\">av personopplysninger skjer p\u00e5 grunnlag av en interesseavveining. Vi har vurdert det <\/span><span style=\"color: #000000;\">slik at dette ofte er n\u00f8dvendig for \u00e5 oss for \u00e5 hjelpe deg med det du lurer p\u00e5.<\/span><\/p>\n<p><strong><span style=\"color: #000000;\">3. Tjenester<\/span><\/strong><br \/>\n<span style=\"color: #000000;\">\u00a0Hjerter i par er underlagt Islamic Cultural Centre Norway (ICC). ICC kan benytte dine <\/span><span style=\"color: #000000;\">opplysninger til \u00e5 tilby \u00f8vrige tjenester som organisasjonen mener du kan v\u00e6re en del av <\/span><span style=\"color: #000000;\">m\u00e5lgruppen. Eksempler p\u00e5 dette kan v\u00e6re kurs og foredrag om: ekteskap, <\/span><span style=\"color: #000000;\">barneoppdragelse, familierelaterte eventer og i noen tilfeller moske-relaterte arrangementer.<\/span><\/p>\n<p><strong><span style=\"color: #000000;\">Utlevering av personopplysninger til andre<\/span><\/strong><br \/>\n<span style=\"color: #000000;\">Vi gir ikke personopplysningene dine videre til andre med mindre det foreligger et lovlig <\/span><span style=\"color: #000000;\">grunnlag for slik utlevering. Ingen eksterne akt\u00f8rer vil ha tilgang til dine opplysninger uten <\/span><span style=\"color: #000000;\">ditt samtykke.<\/span><\/p>\n<p><span style=\"color: #000000;\">Vi kan benytte oss i enkelte tilfeller av databehandlere til \u00e5 samle inn, lagre eller p\u00e5 annen <\/span><span style=\"color: #000000;\">m\u00e5te behandle personopplysninger p\u00e5 v\u00e5re vegne. I slike tilfeller inng\u00e5r vi avtaler for \u00e5<\/span><br \/>\n<span style=\"color: #000000;\">iv areta informasjonssikkerheten i alle ledd av behandlingen. Vi benytter oss per i dag av <\/span><span style=\"color: #000000;\">ingen slike databehandlere. <\/span><span style=\"color: #000000;\">All behandling av personopplysninger som vi foretar skjer innenfor EU\/E\u00d8S-omr\u00e5det.<\/span><\/p>\n<p><strong><span style=\"color: #000000;\">Lagringstid<\/span><\/strong><br \/>\n<span style=\"color: #000000;\">Vi lagrer dine personopplysninger hos oss s\u00e5 lenge det er n\u00f8dvendig for det form\u00e5l <\/span><span style=\"color: #000000;\">personopplysningene ble samlet inn for. <\/span><span style=\"color: #000000;\">Dette betyr for eksempel at personopplysninger som vi behandler p\u00e5 grunnlag av ditt <\/span><span style=\"color: #000000;\">samtykke slettes, hvis du trekker ditt samtykke. Personopplysninger vi behandler for \u00e5 <\/span><span style=\"color: #000000;\">oppfylle en avtale med deg slettes n\u00e5r avtalen er oppfylt og alle plikter som f\u00f8lger av <\/span><span style=\"color: #000000;\">avtaleforholdet er oppfylt.<\/span><\/p>\n<p><strong><span style=\"color: #000000;\">Dine rettigheter n\u00e5r vi behandler personopplysninger om deg<\/span><\/strong><br \/>\n<span style=\"color: #000000;\">Du har for \u00f8vrig rett til \u00e5 kreve innsyn, retting eller sletting av personopplysningene vi <\/span><span style=\"color: #000000;\">behandler om deg. Du har videre rett til \u00e5 kreve begrenset behandling, rette innsigelse mot<\/span><br \/>\n<span style=\"color: #000000;\">behandlingen og kreve rett til dataportabilitet. Du kan lese mer om innholdet i disse <\/span><span style=\"color: #000000;\">rettighetene p\u00e5 Datatilsynets nettside: www.datatilsynet.no. <\/span><span style=\"color: #000000;\">For \u00e5 ta i bruk dine rettigheter m\u00e5 du kontakte oss, se kontaktopplysninger ovenfor. Vi vil <\/span><span style=\"color: #000000;\">svare p\u00e5 din henvendelse til oss s\u00e5 fort som mulig, og senest innen 30 dager. <\/span><span style=\"color: #000000;\">Vi vil be deg om \u00e5 bekrefte identiteten din eller \u00e5 oppgi ytterligere informasjon f\u00f8r vi lar deg <\/span><span style=\"color: #000000;\">ta i bruk dine rettigheter overfor oss. Dette gj\u00f8r vi for \u00e5 v\u00e6re sikre p\u00e5 at vi kun gir tilgang til <\/span><span style=\"color: #000000;\">dine personopplysninger til deg \u2013 og ikke noen som gir seg ut for \u00e5 v\u00e6re deg. <\/span><span style=\"color: #000000;\">Du kan til enhver tid trekke tilbake ditt samtykke for behandling av personopplysninger hos <\/span><span style=\"color: #000000;\">oss. Den enkleste m\u00e5ten \u00e5 gj\u00f8re dette p\u00e5, er \u00e5 kontakte oss.<\/span><\/p>\n<p><strong><span style=\"color: #000000;\">Klager<\/span><\/strong><br \/>\n<span style=\"color: #000000;\">Dersom du mener at v\u00e5r behandling av personopplysninger ikke stemmer med det vi har <\/span><span style=\"color: #000000;\">beskrevet her eller at vi p\u00e5 andre m\u00e5ter bryter personvernlovgivningen, s\u00e5 kan du klage til <\/span><span style=\"color: #000000;\">Datatilsynet. <\/span><span style=\"color: #000000;\">Du finner informasjon om hvordan kontakte Datatilsynet p\u00e5 Datatilsynets nettsider:<\/span><br \/>\n<span style=\"color: #000000;\">www.datatilsynet.no.<\/span><\/p>\n<p><strong><span style=\"color: #000000;\">Endringer<\/span><\/strong><br \/>\n<span style=\"color: #000000;\">Hvis det skulle skje endring av v\u00e5re tjenester eller endringer i regelverket om behandling av <\/span><span style=\"color: #000000;\">personopplysninger, kan det medf\u00f8re forandring i informasjonen du er gitt her. Hvis vi har <\/span><span style=\"color: #000000;\">dine kontaktopplysninger vil vi gj\u00f8re deg oppmerksom p\u00e5 disse forandringene. Ellers vil <\/span><span style=\"color: #000000;\">oppdatert informasjon alltid finnes lett tilgjengelig p\u00e5 v\u00e5r nettside. <\/span><span style=\"color: #000000;\">Oppdatert 07\/20 CHP<\/span>[\/vc_column_text][\/vc_column_inner][\/vc_row_inner][\/vc_column][\/vc_row]<\/p>\n","protected":false},"excerpt":{"rendered":"<p>[vc_row][vc_column][vc_row_inner][vc_column_inner][vc_column_text]PERSONVERNERKL\u00c6RING Hjerter i Par Behandling av personopplysninger i Hjerter i Par N\u00e5r du er registrert som deltaker hos oss, vil&#8230;<\/p>\n","protected":false},"author":1,"featured_media":0,"parent":0,"menu_order":0,"comment_status":"closed","ping_status":"closed","template":"","meta":[],"_links":{"self":[{"href":"https:\/\/www.islamic.no\/hip\/wp-json\/wp\/v2\/pages\/1336"}],"collection":[{"href":"https:\/\/www.islamic.no\/hip\/wp-json\/wp\/v2\/pages"}],"about":[{"href":"https:\/\/www.islamic.no\/hip\/wp-json\/wp\/v2\/types\/page"}],"author":[{"embeddable":true,"href":"https:\/\/www.islamic.no\/hip\/wp-json\/wp\/v2\/users\/1"}],"replies":[{"embeddable":true,"href":"https:\/\/www.islamic.no\/hip\/wp-json\/wp\/v2\/comments?post=1336"}],"version-history":[{"count":13,"href":"https:\/\/www.islamic.no\/hip\/wp-json\/wp\/v2\/pages\/1336\/revisions"}],"predecessor-version":[{"id":1362,"href":"https:\/\/www.islamic.no\/hip\/wp-json\/wp\/v2\/pages\/1336\/revisions\/1362"}],"wp:attachment":[{"href":"https:\/\/www.islamic.no\/hip\/wp-json\/wp\/v2\/media?parent=1336"}],"curies":[{"name":"wp","href":"https:\/\/api.w.org\/{rel}","templated":true}]}}